{"id":263,"date":"2024-12-16T08:50:53","date_gmt":"2024-12-16T08:50:53","guid":{"rendered":"https:\/\/nasiprzyjaciele.com\/?page_id=263"},"modified":"2025-01-06T20:12:10","modified_gmt":"2025-01-06T20:12:10","slug":"oferta","status":"publish","type":"page","link":"https:\/\/nasiprzyjaciele.com\/index.php\/oferta\/","title":{"rendered":"Oferta"},"content":{"rendered":"\n<div class=\"wp-block-group alignfull\"><div class=\"wp-block-group__inner-container is-layout-constrained wp-block-group-is-layout-constrained\">\n<div class=\"wp-block-group alignfull has-background-color badge-oferta has-white-color has-text-color has-background has-link-color wp-elements-c37b24b7258b49488394d2471d124147 is-nowrap is-layout-flex wp-container-core-group-is-layout-36c609bc wp-block-group-is-layout-flex\" id=\"custom-page-title\" style=\"background-color:#443f3a;padding-top:var(--wp--preset--spacing--30);padding-right:var(--wp--preset--spacing--30);padding-bottom:var(--wp--preset--spacing--30);padding-left:var(--wp--preset--spacing--30)\">\n<div style=\"height:100px;width:191px\" aria-hidden=\"true\" class=\"wp-block-spacer wp-container-content-95fa7573\"><\/div>\n\n\n\n<div class=\"wp-block-group alignwide is-content-justification-space-between is-layout-flex wp-container-core-group-is-layout-256aec57 wp-block-group-is-layout-flex\">\n<div class=\"wp-block-group is-layout-flex wp-block-group-is-layout-flex\"><div class=\"is-default-size wp-block-site-logo\"><a href=\"https:\/\/nasiprzyjaciele.com\/\" class=\"custom-logo-link\" rel=\"home\"><img fetchpriority=\"high\" decoding=\"async\" width=\"270\" height=\"246\" src=\"https:\/\/nasiprzyjaciele.com\/wp-content\/uploads\/2025\/01\/448559104_25774595288854511_5696922930148178128_n_preview_rev_1-1.png\" class=\"custom-logo\" alt=\"Oferta\" \/><\/a><\/div>\n\n<h1 class=\"wp-block-post-title\">Oferta<\/h1><\/div>\n<\/div>\n<\/div>\n<\/div><\/div>\n\n\n\n<h2 class=\"wp-block-heading\">Sklep zoologiczny w Tarnowie \u201eNasi Przyjaciele\u201d \u2013 wszystko dla zwierz\u0105t<\/h2>\n\n\n\n<p>Czym by\u0142oby \u017cycie bez zwierz\u0105t? Puste, pozbawione rado\u015bci i tych niezliczonych chwil, kt\u00f3re tak uwielbiamy. W \u201eNasi Przyjaciele\u201d wiemy, \u017ce zwierz\u0119ta domowe s\u0105 dla swoich opiekun\u00f3w ich oczkiem w g\u0142owie \u2013 to cz\u0142onkowie rodziny i najlepsi towarzysze. Dlatego stworzyli\u015bmy miejsce, kt\u00f3re w pe\u0142ni odpowiada ich potrzebom i Twoim oczekiwaniom.<\/p>\n\n\n\n<p><strong>Przejrzyj nasz\u0105 ofert\u0119, wybierz najlepsze produkty i zam\u00f3w w atrakcyjnych cenach. <\/strong>Co dla Ciebie przygotowali\u015bmy? <strong>Znajdziesz u nas wszystko: zdrow\u0105 karm\u0119, naturalne przysmaki, r\u00f3\u017cnorodne akcesoria, kt\u00f3re u\u0142atwi\u0105 Wam \u017cycie<\/strong>, i wiele wi\u0119cej. Dla nas najwa\u017cniejszy jest Tw\u00f3j przyjaciel \u2013 a dla niego chcemy by\u0107 miejscem, kt\u00f3re zawsze ma co\u015b wyj\u0105tkowego do zaoferowania.&nbsp;<\/p>\n\n\n\n<p>Bo szcz\u0119\u015bliwe zwierz\u0119 to szcz\u0119\u015bliwy opiekun \u2013 na tym w\u0142a\u015bnie nam zale\u017cy.<\/p>\n\n\n\n<h2 class=\"wp-block-heading\">Najlepsze produkty dla ps\u00f3w \u2013 zadbaj o swojego czworono\u017cnego przyjaciela<\/h2>\n\n\n\n<p>Tw\u00f3j pies to cz\u0142onek rodziny, wierny towarzysz ka\u017cdej przygody i niezast\u0105piony przyjaciel. Dla nas nie ma znaczenia, czy Tw\u00f3j pies jest szczeniakiem pe\u0142nym energii, doros\u0142ym psim atlet\u0105, czy dostojnym seniorem.&nbsp;<\/p>\n\n\n\n<h3 class=\"wp-block-heading\">Kultowe karmy suche i mokre dla ps\u00f3w<\/h3>\n\n\n\n<p>W naszym sklepie znajdziesz karmy, kt\u00f3re s\u0105 dopasowane do jego wieku, rasy i indywidualnych potrzeb. Oferujemy m.in.:<\/p>\n\n\n\n<ul class=\"wp-block-list\">\n<li><strong>ND-FARMINA<\/strong> \u2013 idealne dla ps\u00f3w wszystkich ras i grup wiekowych. Szczeniaki, psy doros\u0142e, ma\u0142e rasy czy te wi\u0119ksze \u2013 dla ka\u017cdego pupila znajdziesz co\u015b odpowiedniego.<\/li>\n\n\n\n<li><strong>EMPIRE<\/strong> \u2013 zaprojektowana z my\u015bl\u0105 o malta\u0144czykach.<\/li>\n\n\n\n<li><strong>ACANA I ORIJEN<\/strong> \u2013 karmy klasy premium dla wymagaj\u0105cych pupili.<\/li>\n\n\n\n<li><strong>EDEN<\/strong> \u2013 p\u00f3\u0142wilgotne karmy, kt\u00f3re s\u0105 bestsellerem dla starszych ps\u00f3w, miewaj\u0105cych problem z trawieniem lub rozgryzaniem tradycyjnej karmy suchej.<\/li>\n\n\n\n<li><strong>WIEJSKA ZAGRODA I ALPHA SPIRIT<\/strong> \u2013 naturalne, lokalne produkty, kt\u00f3re psy kochaj\u0105 ju\u017c od dawna.<\/li>\n<\/ul>\n\n\n\n<p>Nie chcesz, by Tw\u00f3j pies jad\u0142 w k\u00f3\u0142ko to samo? <strong>Oferujemy szeroki wyb\u00f3r mokrych karm, kt\u00f3re urozmaic\u0105 jego diet\u0119. Ollo, Stuzzy, Farmina, Brit, Wiejska Zagroda czy Raw Paleo<\/strong> \u2013 mix smak\u00f3w i sk\u0142adnik\u00f3w, kt\u00f3re dostarcz\u0105 pupilowi niezb\u0119dnych warto\u015bci od\u017cywczych, ale te\u017c ogromnej przyjemno\u015bci z jedzenia. Tw\u00f3j pupil b\u0119dzie Ci wdzi\u0119czny za ka\u017cd\u0105 zmian\u0119, kt\u00f3ra sprawi, \u017ce zawarto\u015b\u0107 jego miski nigdy ju\u017c mu si\u0119 nie znudzi.<\/p>\n\n\n\n<h3 class=\"wp-block-heading\">Przysmaki stworzone z my\u015bl\u0105 o czworonogach \u2013 smaczny dodatek do menu<\/h3>\n\n\n\n<p>Je\u015bli Tw\u00f3j pies my\u015bli, \u017ce zas\u0142u\u017cy\u0142 na co\u015b specjalnego (a um\u00f3wmy si\u0119, one zawsze tak my\u015bl\u0105!), to mamy co\u015b, co wywo\u0142a u niego eufori\u0119 i machanie ogonem! W \u201eNasi Przyjaciele\u201d <strong>stawiamy na naturalne przysmaki, kt\u00f3re nie tylko \u015bwietnie smakuj\u0105, ale te\u017c wspieraj\u0105 zdrowie Twojego pupila.<\/strong> A gdy m\u00f3wimy \u201enaturalne\u201d, to naprawd\u0119 mamy na my\u015bli naturalne \u2013 bez zb\u0119dnych dodatk\u00f3w, prosto od najlepszych producent\u00f3w. Doskona\u0142ym tego przyk\u0142adem s\u0105 produkty od PETMEX z My\u015blenic \u2013 to absolutny hit! Ka\u017cdy pies, kt\u00f3ry cho\u0107 raz ich spr\u00f3buje, b\u0119dzie chcia\u0142 wi\u0119cej i wi\u0119cej; nie bez powodu te smako\u0142yki znikaj\u0105 w mgnieniu oka. Oferujemy:<\/p>\n\n\n\n<ul class=\"wp-block-list\">\n<li><strong>Uszy wieprzowe, wo\u0142owe czy kr\u00f3licze<\/strong> \u2013 z futrem lub bez, dla ka\u017cdego psiego fana chrupania. Tw\u00f3j pies uwielbia chrupa\u0107? Z tymi smako\u0142ykami b\u0119dzie mia\u0142 \u0142apy pe\u0142ne roboty!<\/li>\n\n\n\n<li><strong>Poro\u017ca jelenia<\/strong> \u2013 prawdziwa gratka, kt\u00f3ra zajmie Twojego pupila na d\u0142u\u017cej, np. podczas Twojej nieobecno\u015bci.<\/li>\n\n\n\n<li><strong>Himalajskie sery<\/strong> \u2013 kto powiedzia\u0142, \u017ce psy nie znaj\u0105 si\u0119 na wykwintnych smakach? Ten przysmak to psi odpowiednik sera dla smakoszy na czterech \u0142apach.<\/li>\n\n\n\n<li><strong>Tchawice owini\u0119te mi\u0119sem<\/strong> \u2013 brzmi nietypowo? Mo\u017ce, ale psy wprost oszala\u0142y na punkcie tej nowo\u015bci! To idealna propozycja dla wi\u0119kszych czworonog\u00f3w, kt\u00f3re potrzebuj\u0105 porz\u0105dnego chrupania.<\/li>\n<\/ul>\n\n\n\n<p>Nie samymi uszami i poro\u017cami pies \u017cyje! Czasem potrzeba czego\u015b szybkiego, por\u0119cznego, co mo\u017cesz wzi\u0105\u0107 na spacer lub poda\u0107 jako nagrod\u0119. Dlatego w naszej ofercie znajdziesz<strong> przysmaki od takich marek jak Woolf, Calibra Vet i Brit<\/strong>.<\/p>\n\n\n\n<p>A ponadto, czy wiesz, \u017ce psie z\u0119by wymagaj\u0105 takiej samej troski jak ludzkie? Zamiast szczoteczki i pasty, daj swojemu psu co\u015b, co nie tylko mu zasmakuje, ale te\u017c wyczy\u015bci jego z\u0119by. <strong>Przysmaki Whimzees to naturalne gryzaki, kt\u00f3re dbaj\u0105 o z\u0119by i dzi\u0105s\u0142a Twojego pupila<\/strong>. Idealne dla ma\u0142ych, \u015brednich i du\u017cych ps\u00f3w \u2013 nawet tych najm\u0142odszych.<\/p>\n\n\n\n<p>Kolejn\u0105 propozycj\u0105 dla ps\u00f3w, kt\u00f3re kochaj\u0105 gry\u017a\u0107 (czyli w\u0142a\u015bciwie wszystkich!), s\u0105 <strong>ko\u015bci od firmy Biofeed. To w 100% naturalny produkt, bez sztucznych dodatk\u00f3w<\/strong>, kt\u00f3ry dostarczy czworonogom wapnia i innych wa\u017cnych sk\u0142adnik\u00f3w od\u017cywczych.<\/p>\n\n\n\n<h3 class=\"wp-block-heading\">Suplementy psiej diety, kt\u00f3re warto mie\u0107 pod r\u0119k\u0105<\/h3>\n\n\n\n<p>Poza karmami i przysmakami w naszej ofercie znajdziesz <strong>suplementy diety, kt\u00f3re wspieraj\u0105 psie zdrowie na wielu p\u0142aszczyznach<\/strong>. Je\u015bli chcesz, by stawy pupila by\u0142y mocne, sier\u015b\u0107 l\u015bni\u0105ca, a odporno\u015b\u0107 gotowa na ka\u017cd\u0105 por\u0119 roku, to dost\u0119pne u nas produkty s\u0105 strza\u0142em w dziesi\u0105tk\u0119.<\/p>\n\n\n\n<p>Mamy tak\u017ce co\u015b na \u015bwie\u017cy oddech i walk\u0119 z kamieniem naz\u0119bnym \u2013 bo przecie\u017c zdrowy u\u015bmiech Twojego psa to gwarancja lepszego samopoczucia. Suplementy witaminowe pomog\u0105 uzupe\u0142ni\u0107 diet\u0119, a Ty zyskasz pewno\u015b\u0107, \u017ce Tw\u00f3j pupil ma wszystko, czego potrzebuje, by \u017cy\u0107 pe\u0142ni\u0105 \u017cycia.<\/p>\n\n\n\n<h2 class=\"wp-block-heading\">Najlepsze produkty dla kot\u00f3w \u2013 bo Tw\u00f3j kot to ma\u0142y arystokrata<\/h2>\n\n\n\n<p>Kot to prawdziwy koneser \u2013 nie zje byle czego i zawsze wybiera to, co mu odpowiada. Dlatego u nas znajdziesz karmy i przysmaki, kt\u00f3re s\u0105 zdrowe i trafiaj\u0105 w gusta nawet najbardziej wybrednych mruczk\u00f3w. Oferujemy:<\/p>\n\n\n\n<ul class=\"wp-block-list\">\n<li><strong>ND-Farmina<\/strong> \u2013 ulubieniec kocich smakoszy, szczeg\u00f3lnie \u015bled\u017a z pomara\u0144cz\u0105. Je\u015bli Tw\u00f3j kot jest wymagaj\u0105cy, to ta karma z pewno\u015bci\u0105 go zachwyci.<\/li>\n\n\n\n<li><strong>Acana Indoor<\/strong> \u2013 idealna dla kot\u00f3w domowych, z odk\u0142aczaczem wspieraj\u0105cym ich uk\u0142ad trawienny.<\/li>\n\n\n\n<li><strong>Josera i Ambrosia<\/strong> \u2013 karmy, kt\u00f3re wspieraj\u0105 kocie zdrowie, w tym wersje bezzbo\u017cowe.<\/li>\n\n\n\n<li><strong>Karmy weterynaryjne Purina i Farmina <\/strong>\u2013 dla kot\u00f3w z problemami zdrowotnymi, takimi jak choroby nerek czy dr\u00f3g moczowych.<\/li>\n<\/ul>\n\n\n\n<p>Nie zapominamy o tych chwilach, kiedy chcesz rozpieszcza\u0107 swojego kota, podaj\u0105c mu co\u015b soczystego i aromatycznego. <strong>W naszej ofercie znajdziesz szeroki wyb\u00f3r saszetek i puszek marek takich jak Gussto, Animonda, Porta 21, Farmina, Josera, Wiejska Zagroda czy Applaws<\/strong>. A w\u015br\u00f3d nich najlepsze propozycje dla ma\u0142ych kociak\u00f3w, doros\u0142ych mruczk\u00f3w i kocich senior\u00f3w.<\/p>\n\n\n\n<h2 class=\"wp-block-heading\">Produkty dla gryzoni \u2013 troska o najmniejszych mieszka\u0144c\u00f3w domu<\/h2>\n\n\n\n<p>Gryzonie to ma\u0142e s\u0142odziaki, kt\u00f3re uwielbiaj\u0105 chrupa\u0107, skuba\u0107 i poznawa\u0107 nowe smaki. Dlatego <strong>w \u201eNasi Przyjaciele\u201d przygotowali\u015bmy szerok\u0105 ofert\u0119 dla kr\u00f3lik\u00f3w, \u015bwinek morskich, chomik\u00f3w i szczur\u00f3w<\/strong>, kt\u00f3ra mile Ci\u0119 zaskoczy.<\/p>\n\n\n\n<p><strong>Dla gryzoni oferujemy karmy marek takich jak Witte Molen Puur i Versele-laga<\/strong> \u2013 idealne do skomponowania codziennego menu. A je\u015bli Tw\u00f3j pupil uwielbia chrupa\u0107 sianko, to koniecznie wybierz to <strong>sianko w\u0119growskie \u2013 to prawdziwy hit! Jest pachn\u0105ce, pe\u0142ne b\u0142onnika i doskona\u0142e jako pokarm<\/strong> lub materia\u0142 do budowania legowiska.<\/p>\n\n\n\n<p>Wiemy, \u017ce gryzonie kochaj\u0105 smako\u0142yki \u2013 te pyszne i te, kt\u00f3re dostarczaj\u0105 im rozrywki. Naturalne produkty, takie jak suszona dynia, p\u0142atki grochu lub larwa m\u0105cznika, to co\u015b, od czego trudno b\u0119dzie im si\u0119 oderwa\u0107.<\/p>\n\n\n\n<h2 class=\"wp-block-heading\">Produkty dla ptak\u00f3w \u2013 troska o pierzastych przyjaci\u00f3\u0142<\/h2>\n\n\n\n<p>Ptaki s\u0105 wyj\u0105tkowymi domownikami, kt\u00f3re wnosz\u0105 rado\u015b\u0107, \u015bpiew i kolory do ka\u017cdego domu. W naszym zoologicznym sklepie stacjonarnym w Tarnowie nie zapomnieli\u015bmy o nich, dlatego <strong>oferujemy starannie dobrane karmy dla papug, kanark\u00f3w i innych gatunk\u00f3w ptak\u00f3w, kt\u00f3re dostarczaj\u0105 im energii i sk\u0142adnik\u00f3w od\u017cywczych<\/strong>. Ponadto w asortymencie czekaj\u0105 <strong>kolby \u2013 smaczny dodatek do diety i \u015bwietna forma rozrywki. <\/strong>Ptaki je uwielbiaj\u0105, szczeg\u00f3lnie gdy podczas zabawy mog\u0105 si\u0119 delektowa\u0107 ulubionymi przysmakami.<\/p>\n\n\n\n<p>Je\u015bli zale\u017cy Ci r\u00f3wnie\u017c na dbaniu o zdrowie pi\u00f3r i kondycj\u0119 ptaka, to wybierz dla niego najlepsze suplementy, kt\u00f3re kompleksowo wespr\u0105 jego witalno\u015b\u0107. A je\u015bli Tw\u00f3j ptaszek sporo czasu sp\u0119dza w klatce, to koniecznie wyposa\u017c j\u0105 w r\u00f3\u017cnorodne akcesoria, kt\u00f3re zadbaj\u0105 o jego komfort i dobry humor.<\/p>\n\n\n\n<p>Odwied\u017a nasz stacjonarny sklep zoologiczny w Tarnowie przy ul. Bernardy\u0144skiej 2 i znajd\u017a wszystko, czego potrzebujesz, by Tw\u00f3j pupil \u2013 niezale\u017cnie od tego, czy to pies, kot, gryzo\u0144 czy ptak \u2013 by\u0142 najszcz\u0119\u015bliwszym zwierzakiem na \u015bwiecie. Czekamy na Ciebie! \ud83d\ude0a<\/p>\n","protected":false},"excerpt":{"rendered":"<p>Sklep zoologiczny w Tarnowie \u201eNasi Przyjaciele\u201d \u2013 wszystko dla zwierz\u0105t Czym by\u0142oby \u017cycie bez zwierz\u0105t? Puste, pozbawione rado\u015bci i tych niezliczonych chwil, kt\u00f3re tak uwielbiamy. W \u201eNasi Przyjaciele\u201d wiemy, \u017ce zwierz\u0119ta domowe s\u0105 dla swoich opiekun\u00f3w ich oczkiem w g\u0142owie \u2013 to cz\u0142onkowie rodziny i najlepsi towarzysze. Dlatego stworzyli\u015bmy miejsce, kt\u00f3re w pe\u0142ni odpowiada ich [&hellip;]<\/p>\n","protected":false},"author":3,"featured_media":0,"parent":0,"menu_order":0,"comment_status":"closed","ping_status":"closed","template":"","meta":{"footnotes":""},"class_list":["post-263","page","type-page","status-publish","hentry"],"yoast_head":"<!-- This site is optimized with the Yoast SEO plugin v27.4 - https:\/\/yoast.com\/product\/yoast-seo-wordpress\/ -->\n<title>Oferta - Oferta<\/title>\n<meta name=\"robots\" content=\"index, follow, max-snippet:-1, max-image-preview:large, max-video-preview:-1\" \/>\n<link rel=\"canonical\" href=\"https:\/\/nasiprzyjaciele.com\/index.php\/oferta\/\" \/>\n<meta property=\"og:locale\" content=\"pl_PL\" \/>\n<meta property=\"og:type\" content=\"article\" \/>\n<meta property=\"og:title\" content=\"Oferta - Oferta\" \/>\n<meta property=\"og:description\" content=\"Sklep zoologiczny w Tarnowie \u201eNasi Przyjaciele\u201d \u2013 wszystko dla zwierz\u0105t Czym by\u0142oby \u017cycie bez zwierz\u0105t? Puste, pozbawione rado\u015bci i tych niezliczonych chwil, kt\u00f3re tak uwielbiamy. W \u201eNasi Przyjaciele\u201d wiemy, \u017ce zwierz\u0119ta domowe s\u0105 dla swoich opiekun\u00f3w ich oczkiem w g\u0142owie \u2013 to cz\u0142onkowie rodziny i najlepsi towarzysze. Dlatego stworzyli\u015bmy miejsce, kt\u00f3re w pe\u0142ni odpowiada ich [&hellip;]\" \/>\n<meta property=\"og:url\" content=\"https:\/\/nasiprzyjaciele.com\/index.php\/oferta\/\" \/>\n<meta property=\"og:site_name\" content=\"Oferta\" \/>\n<meta property=\"article:modified_time\" content=\"2025-01-06T20:12:10+00:00\" \/>\n<meta name=\"twitter:card\" content=\"summary_large_image\" \/>\n<meta name=\"twitter:label1\" content=\"Szacowany czas czytania\" \/>\n\t<meta name=\"twitter:data1\" content=\"7 minut\" \/>\n<script type=\"application\/ld+json\" class=\"yoast-schema-graph\">{\"@context\":\"https:\\\/\\\/schema.org\",\"@graph\":[{\"@type\":\"WebPage\",\"@id\":\"https:\\\/\\\/nasiprzyjaciele.com\\\/index.php\\\/oferta\\\/\",\"url\":\"https:\\\/\\\/nasiprzyjaciele.com\\\/index.php\\\/oferta\\\/\",\"name\":\"Oferta - Oferta\",\"isPartOf\":{\"@id\":\"https:\\\/\\\/nasiprzyjaciele.com\\\/#website\"},\"datePublished\":\"2024-12-16T08:50:53+00:00\",\"dateModified\":\"2025-01-06T20:12:10+00:00\",\"breadcrumb\":{\"@id\":\"https:\\\/\\\/nasiprzyjaciele.com\\\/index.php\\\/oferta\\\/#breadcrumb\"},\"inLanguage\":\"pl-PL\",\"potentialAction\":[{\"@type\":\"ReadAction\",\"target\":[\"https:\\\/\\\/nasiprzyjaciele.com\\\/index.php\\\/oferta\\\/\"]}]},{\"@type\":\"BreadcrumbList\",\"@id\":\"https:\\\/\\\/nasiprzyjaciele.com\\\/index.php\\\/oferta\\\/#breadcrumb\",\"itemListElement\":[{\"@type\":\"ListItem\",\"position\":1,\"name\":\"Strona g\u0142\u00f3wna\",\"item\":\"https:\\\/\\\/nasiprzyjaciele.com\\\/\"},{\"@type\":\"ListItem\",\"position\":2,\"name\":\"Oferta\"}]},{\"@type\":\"WebSite\",\"@id\":\"https:\\\/\\\/nasiprzyjaciele.com\\\/#website\",\"url\":\"https:\\\/\\\/nasiprzyjaciele.com\\\/\",\"name\":\"Nasi Przyjaciele - stacjonarny sklep zoologiczny w Tarnowie\",\"description\":\"Witaj w \u201eNasi Przyjaciele\u201d! Je\u015bli trafi\u0142e\u015b do nas, to znaczy, \u017ce kochasz zwierz\u0119ta tak samo jak my. Nasz sklep zoologiczny w Tarnowie to miejsce stworzone z pasji, do\u015bwiadczenia i mi\u0142o\u015bci do czworonog\u00f3w (i nie tylko!). Jeste\u015bmy tu po to, by zadba\u0107 o Twojego pupila \u2013 od wyboru odpowiedniej karmy, przez zdrowe przysmaki, a\u017c po przyjazn\u0105 atmosfer\u0119, kt\u00f3ra sprawi, \u017ce zakupy u nas stan\u0105 si\u0119 czyst\u0105 przyjemno\u015bci\u0105.\ud83d\udc3e\",\"publisher\":{\"@id\":\"https:\\\/\\\/nasiprzyjaciele.com\\\/#organization\"},\"potentialAction\":[{\"@type\":\"SearchAction\",\"target\":{\"@type\":\"EntryPoint\",\"urlTemplate\":\"https:\\\/\\\/nasiprzyjaciele.com\\\/?s={search_term_string}\"},\"query-input\":{\"@type\":\"PropertyValueSpecification\",\"valueRequired\":true,\"valueName\":\"search_term_string\"}}],\"inLanguage\":\"pl-PL\"},{\"@type\":\"Organization\",\"@id\":\"https:\\\/\\\/nasiprzyjaciele.com\\\/#organization\",\"name\":\"Nasi Przyjaciele - stacjonarny sklep zoologiczny w Tarnowie\",\"url\":\"https:\\\/\\\/nasiprzyjaciele.com\\\/\",\"logo\":{\"@type\":\"ImageObject\",\"inLanguage\":\"pl-PL\",\"@id\":\"https:\\\/\\\/nasiprzyjaciele.com\\\/#\\\/schema\\\/logo\\\/image\\\/\",\"url\":\"https:\\\/\\\/nasiprzyjaciele.com\\\/wp-content\\\/uploads\\\/2025\\\/01\\\/448559104_25774595288854511_5696922930148178128_n_preview_rev_1-1.png\",\"contentUrl\":\"https:\\\/\\\/nasiprzyjaciele.com\\\/wp-content\\\/uploads\\\/2025\\\/01\\\/448559104_25774595288854511_5696922930148178128_n_preview_rev_1-1.png\",\"width\":270,\"height\":246,\"caption\":\"Nasi Przyjaciele - stacjonarny sklep zoologiczny w Tarnowie\"},\"image\":{\"@id\":\"https:\\\/\\\/nasiprzyjaciele.com\\\/#\\\/schema\\\/logo\\\/image\\\/\"}}]}<\/script>\n<!-- \/ Yoast SEO plugin. -->","yoast_head_json":{"title":"Oferta - Oferta","robots":{"index":"index","follow":"follow","max-snippet":"max-snippet:-1","max-image-preview":"max-image-preview:large","max-video-preview":"max-video-preview:-1"},"canonical":"https:\/\/nasiprzyjaciele.com\/index.php\/oferta\/","og_locale":"pl_PL","og_type":"article","og_title":"Oferta - Oferta","og_description":"Sklep zoologiczny w Tarnowie \u201eNasi Przyjaciele\u201d \u2013 wszystko dla zwierz\u0105t Czym by\u0142oby \u017cycie bez zwierz\u0105t? Puste, pozbawione rado\u015bci i tych niezliczonych chwil, kt\u00f3re tak uwielbiamy. W \u201eNasi Przyjaciele\u201d wiemy, \u017ce zwierz\u0119ta domowe s\u0105 dla swoich opiekun\u00f3w ich oczkiem w g\u0142owie \u2013 to cz\u0142onkowie rodziny i najlepsi towarzysze. Dlatego stworzyli\u015bmy miejsce, kt\u00f3re w pe\u0142ni odpowiada ich [&hellip;]","og_url":"https:\/\/nasiprzyjaciele.com\/index.php\/oferta\/","og_site_name":"Oferta","article_modified_time":"2025-01-06T20:12:10+00:00","twitter_card":"summary_large_image","twitter_misc":{"Szacowany czas czytania":"7 minut"},"schema":{"@context":"https:\/\/schema.org","@graph":[{"@type":"WebPage","@id":"https:\/\/nasiprzyjaciele.com\/index.php\/oferta\/","url":"https:\/\/nasiprzyjaciele.com\/index.php\/oferta\/","name":"Oferta - Oferta","isPartOf":{"@id":"https:\/\/nasiprzyjaciele.com\/#website"},"datePublished":"2024-12-16T08:50:53+00:00","dateModified":"2025-01-06T20:12:10+00:00","breadcrumb":{"@id":"https:\/\/nasiprzyjaciele.com\/index.php\/oferta\/#breadcrumb"},"inLanguage":"pl-PL","potentialAction":[{"@type":"ReadAction","target":["https:\/\/nasiprzyjaciele.com\/index.php\/oferta\/"]}]},{"@type":"BreadcrumbList","@id":"https:\/\/nasiprzyjaciele.com\/index.php\/oferta\/#breadcrumb","itemListElement":[{"@type":"ListItem","position":1,"name":"Strona g\u0142\u00f3wna","item":"https:\/\/nasiprzyjaciele.com\/"},{"@type":"ListItem","position":2,"name":"Oferta"}]},{"@type":"WebSite","@id":"https:\/\/nasiprzyjaciele.com\/#website","url":"https:\/\/nasiprzyjaciele.com\/","name":"Nasi Przyjaciele - stacjonarny sklep zoologiczny w Tarnowie","description":"Witaj w \u201eNasi Przyjaciele\u201d! Je\u015bli trafi\u0142e\u015b do nas, to znaczy, \u017ce kochasz zwierz\u0119ta tak samo jak my. Nasz sklep zoologiczny w Tarnowie to miejsce stworzone z pasji, do\u015bwiadczenia i mi\u0142o\u015bci do czworonog\u00f3w (i nie tylko!). Jeste\u015bmy tu po to, by zadba\u0107 o Twojego pupila \u2013 od wyboru odpowiedniej karmy, przez zdrowe przysmaki, a\u017c po przyjazn\u0105 atmosfer\u0119, kt\u00f3ra sprawi, \u017ce zakupy u nas stan\u0105 si\u0119 czyst\u0105 przyjemno\u015bci\u0105.\ud83d\udc3e","publisher":{"@id":"https:\/\/nasiprzyjaciele.com\/#organization"},"potentialAction":[{"@type":"SearchAction","target":{"@type":"EntryPoint","urlTemplate":"https:\/\/nasiprzyjaciele.com\/?s={search_term_string}"},"query-input":{"@type":"PropertyValueSpecification","valueRequired":true,"valueName":"search_term_string"}}],"inLanguage":"pl-PL"},{"@type":"Organization","@id":"https:\/\/nasiprzyjaciele.com\/#organization","name":"Nasi Przyjaciele - stacjonarny sklep zoologiczny w Tarnowie","url":"https:\/\/nasiprzyjaciele.com\/","logo":{"@type":"ImageObject","inLanguage":"pl-PL","@id":"https:\/\/nasiprzyjaciele.com\/#\/schema\/logo\/image\/","url":"https:\/\/nasiprzyjaciele.com\/wp-content\/uploads\/2025\/01\/448559104_25774595288854511_5696922930148178128_n_preview_rev_1-1.png","contentUrl":"https:\/\/nasiprzyjaciele.com\/wp-content\/uploads\/2025\/01\/448559104_25774595288854511_5696922930148178128_n_preview_rev_1-1.png","width":270,"height":246,"caption":"Nasi Przyjaciele - stacjonarny sklep zoologiczny w Tarnowie"},"image":{"@id":"https:\/\/nasiprzyjaciele.com\/#\/schema\/logo\/image\/"}}]}},"_links":{"self":[{"href":"https:\/\/nasiprzyjaciele.com\/index.php\/wp-json\/wp\/v2\/pages\/263","targetHints":{"allow":["GET"]}}],"collection":[{"href":"https:\/\/nasiprzyjaciele.com\/index.php\/wp-json\/wp\/v2\/pages"}],"about":[{"href":"https:\/\/nasiprzyjaciele.com\/index.php\/wp-json\/wp\/v2\/types\/page"}],"author":[{"embeddable":true,"href":"https:\/\/nasiprzyjaciele.com\/index.php\/wp-json\/wp\/v2\/users\/3"}],"replies":[{"embeddable":true,"href":"https:\/\/nasiprzyjaciele.com\/index.php\/wp-json\/wp\/v2\/comments?post=263"}],"version-history":[{"count":4,"href":"https:\/\/nasiprzyjaciele.com\/index.php\/wp-json\/wp\/v2\/pages\/263\/revisions"}],"predecessor-version":[{"id":499,"href":"https:\/\/nasiprzyjaciele.com\/index.php\/wp-json\/wp\/v2\/pages\/263\/revisions\/499"}],"wp:attachment":[{"href":"https:\/\/nasiprzyjaciele.com\/index.php\/wp-json\/wp\/v2\/media?parent=263"}],"curies":[{"name":"wp","href":"https:\/\/api.w.org\/{rel}","templated":true}]}}