{"id":265,"date":"2024-12-16T08:51:35","date_gmt":"2024-12-16T08:51:35","guid":{"rendered":"https:\/\/nasiprzyjaciele.com\/?page_id=265"},"modified":"2025-01-20T19:38:39","modified_gmt":"2025-01-20T19:38:39","slug":"sklep-zoologiczny-w-tarnowie","status":"publish","type":"page","link":"https:\/\/nasiprzyjaciele.com\/index.php\/sklep-zoologiczny-w-tarnowie\/","title":{"rendered":"Sklep"},"content":{"rendered":"\n<div class=\"wp-block-group alignfull\"><div class=\"wp-block-group__inner-container is-layout-constrained wp-block-group-is-layout-constrained\">\n<div class=\"wp-block-group alignfull has-background-color badge-sklep has-white-color has-text-color has-background has-link-color wp-elements-7212801592e8d9029c304c620766105d is-nowrap is-layout-flex wp-container-core-group-is-layout-36c609bc wp-block-group-is-layout-flex\" id=\"custom-page-title\" style=\"background-color:#443f3a;padding-top:var(--wp--preset--spacing--30);padding-right:var(--wp--preset--spacing--30);padding-bottom:var(--wp--preset--spacing--30);padding-left:var(--wp--preset--spacing--30)\">\n<div style=\"height:100px;width:191px\" aria-hidden=\"true\" class=\"wp-block-spacer wp-container-content-95fa7573\"><\/div>\n\n\n\n<div class=\"wp-block-group alignwide is-content-justification-space-between is-layout-flex wp-container-core-group-is-layout-256aec57 wp-block-group-is-layout-flex\">\n<div class=\"wp-block-group is-layout-flex wp-block-group-is-layout-flex\"><div class=\"is-default-size wp-block-site-logo\"><a href=\"https:\/\/nasiprzyjaciele.com\/\" class=\"custom-logo-link\" rel=\"home\"><img fetchpriority=\"high\" decoding=\"async\" width=\"270\" height=\"246\" src=\"https:\/\/nasiprzyjaciele.com\/wp-content\/uploads\/2025\/01\/448559104_25774595288854511_5696922930148178128_n_preview_rev_1-1.png\" class=\"custom-logo\" alt=\"Oferta\" \/><\/a><\/div><\/div>\n\n\n<h1 class=\"wp-block-post-title\">Sklep<\/h1><\/div>\n<\/div>\n<\/div><\/div>\n\n\n\n<h2 class=\"wp-block-heading\">Masz zwierzaka? Odwied\u017a nasz sklep zoologiczny w Tarnowie<\/h2>\n\n\n\n<p>W \u201eNasi Przyjaciele\u201d wierzymy, \u017ce zwierz\u0119ta to prawdziwi cz\u0142onkowie rodziny, a opieka nad nimi to nie obowi\u0105zek, a czysta przyjemno\u015b\u0107. Nasz sklep zoologiczny w Tarnowie powsta\u0142 z pasji do czworonog\u00f3w, futrzanych gryzoni, pierzastych towarzyszy i wszystkich tych, kt\u00f3rzy wype\u0142niaj\u0105 Twoje \u017cycie rado\u015bci\u0105. Zadbali\u015bmy o ka\u017cdy szczeg\u00f3\u0142, by odwiedziny w naszym sklepie by\u0142y dla Ciebie wyj\u0105tkowym do\u015bwiadczeniem \u2013 od starannie dobranego asortymentu, przez serdeczn\u0105 atmosfer\u0119, a\u017c po mo\u017cliwo\u015b\u0107 odwiedzenia nas ze swoim pupilem.\ud83d\udc3e<\/p>\n\n\n\n<h3 class=\"wp-block-heading\">Dlaczego powiniene\u015b odwiedzi\u0107 nasz sklep zoologiczny w Tarnowie?<\/h3>\n\n\n\n<p><strong>Znajdziesz u nas wszystko, czego potrzebuje Tw\u00f3j przyjaciel \u2013 od najlepszej jako\u015bci karm, przez wygodne legowiska, a\u017c po akcesori<\/strong>a, kt\u00f3re u\u0142atwi\u0105 Wam codzienno\u015b\u0107. Wszystkie produkty wybieramy z my\u015bl\u0105 o zdrowiu, dobrym samopoczuciu i szcz\u0119\u015bciu zwierz\u0105t. Wiemy, \u017ce ka\u017cda rasa, gatunek i indywidualny charakter pupila wymaga czego\u015b innego \u2013 dlatego nasza oferta jest r\u00f3\u017cnorodna i stale uzupe\u0142niana. A wszystko po to, aby spe\u0142ni\u0107 wyg\u00f3rowane oczekiwania.<\/p>\n\n\n\n<h3 class=\"wp-block-heading\">Pomagamy, informujemy, doradzamy<\/h3>\n\n\n\n<p>Nasz sklep stacjonarny zoologiczny w Tarnowie to jednak co\u015b wi\u0119cej ni\u017c miejsce zakup\u00f3w. Chcemy, by\u015b czu\u0142 si\u0119 u nas swobodnie i m\u00f3g\u0142 liczy\u0107 na profesjonalne doradztwo. Nie wiesz, kt\u00f3ra karma b\u0119dzie najlepsza dla Twojego psa? A mo\u017ce szukasz bezpiecznej zabawki dla kota? <strong>Nasi pracownicy to prawdziwi pasjonaci \u2013 z ch\u0119ci\u0105 odpowiedz\u0105 na ka\u017cde pytanie i pomog\u0105 znale\u017a\u0107 idealne rozwi\u0105zanie<\/strong>.<\/p>\n\n\n\n<p><strong>Zapraszamy na ul. Bernardy\u0144sk\u0105 2 w Tarnowie, gdzie zawsze znajdziesz przyjazn\u0105 obs\u0142ug\u0119, szeroki wyb\u00f3r i gwarancj\u0119, \u017ce Tw\u00f3j pupil wyjdzie zadowolony<\/strong> \u2013 mo\u017ce nawet ze swoim nowym ulubionym przysmakiem!<\/p>\n\n\n\n<h2 class=\"wp-block-heading\">Tw\u00f3j pupil to nasz go\u015b\u0107 \u2013 wyj\u0105tkowa atmosfera w \u201eNasi Przyjaciele\u201d<\/h2>\n\n\n\n<p>W naszym stacjonarnym sklepie zoologicznym w Tarnowie zwierz\u0119ta s\u0105 zawsze mile widziane! W ko\u0144cu to oni s\u0105 dla nas najwa\u017cniejsi. <strong>Nie tylko umo\u017cliwiamy zakupy z pupilem, ale wr\u0119cz zach\u0119camy, aby przyprowadzi\u0107 go ze sob\u0105.<\/strong> Spacer z psem? Czemu nie po\u0142\u0105czy\u0107 go z wizyt\u0105 w naszym sklepie zoologicznym w Tarnowie? Tw\u00f3j czworono\u017cny przyjaciel mo\u017ce przetestowa\u0107 wybrane zabawki, skosztowa\u0107 przek\u0105sk\u0119 lub po prostu sp\u0119dzi\u0107 czas w przyjaznej atmosferze.<\/p>\n\n\n\n<p>Jednym z naszych ulubionych element\u00f3w sklepu jest <strong>galeria pupili na witrynie. Ka\u017cdy, kto odwiedza nas ze swoim zwierzakiem, mo\u017ce zobaczy\u0107 zdj\u0119cie swojego pupila zdobi\u0105ce witryn\u0119 sklepow\u0105.<\/strong> Ponadto atmosfera w naszym sklepie jest fantastyczna dla wszystkich mi\u0142o\u015bnik\u00f3w zwierz\u0105t, co sprawia, \u017ce chce si\u0119 do nas wraca\u0107. Ciep\u0142e kolory, przemy\u015blany wystr\u00f3j i <strong>dobrze zorganizowane oraz wygodnie rozmieszczone rega\u0142y \u2013 wszystko zosta\u0142o zaprojektowane tak, aby zakupy by\u0142y przyjemno\u015bci\u0105<\/strong> zar\u00f3wno dla Ciebie, jak i dla Twojego pupila. Przyjd\u017a, zobacz, przetestuj!<\/p>\n\n\n\n<h2 class=\"wp-block-heading\">Wszystko, czego potrzebujesz, od r\u0119ki \u2013 szeroki asortyment i atrakcyjne ceny<\/h2>\n\n\n\n<p>Nasz zoologiczny sklep stacjonarny w Tarnowie to miejsce, gdzie znajdziesz wszystko, czego potrzebujesz, aby zadba\u0107 o swojego pupila.&nbsp;<\/p>\n\n\n\n<ul class=\"wp-block-list\">\n<li><strong>SZEROKI WYB\u00d3R PRODUKT\u00d3W.<\/strong> Dzi\u0119ki szerokiej ofercie i dost\u0119pno\u015bci produkt\u00f3w \u201eod r\u0119ki\u201d, zakupy u nas s\u0105 szybkie, wygodne i przyjemne. Dzi\u0119ki temu nie musisz czeka\u0107 na dostaw\u0119 czy zamawia\u0107 online.&nbsp;<\/li>\n\n\n\n<li><strong>ATRAKCYJNE CENY.<\/strong> Nasze ceny s\u0105 konkurencyjne, a produkty \u2013 najwy\u017cszej jako\u015bci. Wiemy, jak wa\u017cne s\u0105 zdrowie i rado\u015b\u0107 Twojego pupila, dlatego dbamy o to, by w naszej ofercie znajdowa\u0142y si\u0119 tylko najlepsze produkty.<\/li>\n\n\n\n<li><strong>NAJLEPSZE KARMY DLA ZWIERZ\u0104T.<\/strong> Wiemy r\u00f3wnie\u017c, jak wa\u017cne jest odpowiednie \u017cywienie. Dlatego w naszej ofercie znajdziesz tylko sprawdzone marki, kt\u00f3re zapewni\u0105 Twojemu pupilowi zdrow\u0105 diet\u0119. Dla ps\u00f3w proponujemy szeroki wyb\u00f3r karm dostosowanych do ich wieku, wielko\u015bci i potrzeb, pochodz\u0105cych wy\u0142\u0105cznie od renomowanych producent\u00f3w, w\u015br\u00f3d kt\u00f3rych mo\u017cna wymieni\u0107 firm\u0119 ND-Farmina, Empire, Acana i Orijen, Eden, Wiejska Zagroda i Alpha Spiri, Ambrosia, Josera i Purina Vet<\/li>\n\n\n\n<li><strong>PRZYSMAKI.<\/strong> Opr\u00f3cz karm, oferujemy tak\u017ce szeroki wyb\u00f3r przysmak\u00f3w, kt\u00f3re s\u0105 pyszne i zdrowe. Szczeg\u00f3lnie polecamy produkty od polskiej firmy PETMEX z My\u015blenic, kt\u00f3ra dostarcza naturalne przek\u0105ski: uszy wieprzowe, tchawice owini\u0119te mi\u0119sem, poro\u017ca jelenia czy himalajskie sery. Zwierzaki je uwielbiaj\u0105!<\/li>\n\n\n\n<li><strong>SUPLEMENTY. <\/strong>Znajdziesz u nas r\u00f3wnie\u017c wysokiej jako\u015bci suplementy, kt\u00f3re kompleksowo wspieraj\u0105 zdrowie Twojego pupila. W ofercie dost\u0119pne s\u0105 sprawdzone preparaty na stawy, sk\u00f3r\u0119 i sier\u015b\u0107, odporno\u015b\u0107 i \u015bwie\u017cy oddech.<\/li>\n\n\n\n<li><strong>PRODUKTY DLA GRYZONI.<\/strong> Oczywi\u015bcie nie zapomnieli\u015bmy o gryzoniach, dla kt\u00f3rych oferujemy produkty takich marek jak Witte Molen Puur i Versele-laga, a tak\u017ce r\u00f3\u017cnorodne przysmaki naturalnego pochodzenia.&nbsp;<\/li>\n<\/ul>\n\n\n\n<h2 class=\"wp-block-heading\">Karta Wiernego Przyjaciela \u2013 nasze podzi\u0119kowanie za zakupy i lojalno\u015b\u0107 konsumenck\u0105<\/h2>\n\n\n\n<p>Doskonale zdajemy sobie spraw\u0119, jak wa\u017cna jest relacja oparta na zaufaniu, dlatego <strong>stworzyli\u015bmy program lojalno\u015bciowy, kt\u00f3ry nagradza naszych sta\u0142ych klient\u00f3w<\/strong>. Z nasz\u0105 Kart\u0105 Wiernego Przyjaciela ka\u017cde zakupy w naszym sklepie zoologicznym w Tarnowie staj\u0105 si\u0119 jeszcze bardziej satysfakcjonuj\u0105ce.<\/p>\n\n\n\n<p>Jak dzia\u0142a nasza karta lojalno\u015bciowa? To bardzo proste! <strong>Za ka\u017cde zakupy powy\u017cej 25 z\u0142otych zbierasz piecz\u0105tki \u2013 gdy zbierzesz ich 10, otrzymasz rabat w wysoko\u015bci 10% na nast\u0119pne zakupy. <\/strong>To proste wygodne i korzystne! Je\u015bli jeszcze nie posiadasz swojej karty, zapraszamy do naszego stacjonarnego sklepu zoologicznego w Tarnowie, gdzie z przyjemno\u015bci\u0105 wyja\u015bnimy wszystkie szczeg\u00f3\u0142y i aktywujemy kart\u0119 sta\u0142ego klienta.<\/p>\n\n\n\n<h2 class=\"wp-block-heading\">Dogodna lokalizacja w centrum Tarnowa \u2013 odwied\u017a nas ju\u017c dzi\u015b!<\/h2>\n\n\n\n<p>Jednym z naszych najwi\u0119kszych atut\u00f3w jest <strong>dogodna lokalizacja w samym sercu Tarnowa<\/strong>. Nasz zoologiczny sklep znajduje si\u0119 przy ul. Bernardy\u0144skiej 2, dlatego jeste\u015bmy \u0142atwo dost\u0119pnymi zar\u00f3wno dla mieszka\u0144c\u00f3w miasta, jak i os\u00f3b z okolic. A je\u015bli nie mo\u017cesz si\u0119 do nas wybra\u0107, to<strong> skorzystaj z mo\u017cliwo\u015bci z\u0142o\u017cenia zam\u00f3wienia telefonicznego, a wszystkie produkty ch\u0119tnie dostarczymy prosto pod Twoje drzwi. <\/strong>\ud83d\ude0a<\/p>\n","protected":false},"excerpt":{"rendered":"<p>Masz zwierzaka? Odwied\u017a nasz sklep zoologiczny w Tarnowie W \u201eNasi Przyjaciele\u201d wierzymy, \u017ce zwierz\u0119ta to prawdziwi cz\u0142onkowie rodziny, a opieka nad nimi to nie obowi\u0105zek, a czysta przyjemno\u015b\u0107. Nasz sklep zoologiczny w Tarnowie powsta\u0142 z pasji do czworonog\u00f3w, futrzanych gryzoni, pierzastych towarzyszy i wszystkich tych, kt\u00f3rzy wype\u0142niaj\u0105 Twoje \u017cycie rado\u015bci\u0105. Zadbali\u015bmy o ka\u017cdy szczeg\u00f3\u0142, by [&hellip;]<\/p>\n","protected":false},"author":3,"featured_media":0,"parent":0,"menu_order":0,"comment_status":"closed","ping_status":"closed","template":"","meta":{"footnotes":""},"class_list":["post-265","page","type-page","status-publish","hentry"],"yoast_head":"<!-- This site is optimized with the Yoast SEO plugin v27.4 - https:\/\/yoast.com\/product\/yoast-seo-wordpress\/ -->\n<title>Sklep zoologiczny w Tarnowie \u2013 \u201eNasi Przyjaciele\u201d<\/title>\n<meta name=\"description\" content=\"Najlepszy stacjonarny sklep zoologiczny w Tarnowie! Karmy, akcesoria i przysmaki dla Twojego pupila. Zapraszamy na ul. Bernardy\u0144sk\u0105 2!\" \/>\n<meta name=\"robots\" content=\"index, follow, max-snippet:-1, max-image-preview:large, max-video-preview:-1\" \/>\n<link rel=\"canonical\" href=\"https:\/\/nasiprzyjaciele.com\/index.php\/sklep-zoologiczny-w-tarnowie\/\" \/>\n<meta property=\"og:locale\" content=\"pl_PL\" \/>\n<meta property=\"og:type\" content=\"article\" \/>\n<meta property=\"og:title\" content=\"Sklep zoologiczny w Tarnowie \u2013 \u201eNasi Przyjaciele\u201d\" \/>\n<meta property=\"og:description\" content=\"Najlepszy stacjonarny sklep zoologiczny w Tarnowie! Karmy, akcesoria i przysmaki dla Twojego pupila. Zapraszamy na ul. Bernardy\u0144sk\u0105 2!\" \/>\n<meta property=\"og:url\" content=\"https:\/\/nasiprzyjaciele.com\/index.php\/sklep-zoologiczny-w-tarnowie\/\" \/>\n<meta property=\"og:site_name\" content=\"Oferta\" \/>\n<meta property=\"article:modified_time\" content=\"2025-01-20T19:38:39+00:00\" \/>\n<meta name=\"twitter:card\" content=\"summary_large_image\" \/>\n<meta name=\"twitter:label1\" content=\"Szacowany czas czytania\" \/>\n\t<meta name=\"twitter:data1\" content=\"5 minut\" \/>\n<script type=\"application\/ld+json\" class=\"yoast-schema-graph\">{\"@context\":\"https:\\\/\\\/schema.org\",\"@graph\":[{\"@type\":\"WebPage\",\"@id\":\"https:\\\/\\\/nasiprzyjaciele.com\\\/index.php\\\/sklep-zoologiczny-w-tarnowie\\\/\",\"url\":\"https:\\\/\\\/nasiprzyjaciele.com\\\/index.php\\\/sklep-zoologiczny-w-tarnowie\\\/\",\"name\":\"Sklep zoologiczny w Tarnowie \u2013 \u201eNasi Przyjaciele\u201d\",\"isPartOf\":{\"@id\":\"https:\\\/\\\/nasiprzyjaciele.com\\\/#website\"},\"datePublished\":\"2024-12-16T08:51:35+00:00\",\"dateModified\":\"2025-01-20T19:38:39+00:00\",\"description\":\"Najlepszy stacjonarny sklep zoologiczny w Tarnowie! Karmy, akcesoria i przysmaki dla Twojego pupila. Zapraszamy na ul. Bernardy\u0144sk\u0105 2!\",\"breadcrumb\":{\"@id\":\"https:\\\/\\\/nasiprzyjaciele.com\\\/index.php\\\/sklep-zoologiczny-w-tarnowie\\\/#breadcrumb\"},\"inLanguage\":\"pl-PL\",\"potentialAction\":[{\"@type\":\"ReadAction\",\"target\":[\"https:\\\/\\\/nasiprzyjaciele.com\\\/index.php\\\/sklep-zoologiczny-w-tarnowie\\\/\"]}]},{\"@type\":\"BreadcrumbList\",\"@id\":\"https:\\\/\\\/nasiprzyjaciele.com\\\/index.php\\\/sklep-zoologiczny-w-tarnowie\\\/#breadcrumb\",\"itemListElement\":[{\"@type\":\"ListItem\",\"position\":1,\"name\":\"Strona g\u0142\u00f3wna\",\"item\":\"https:\\\/\\\/nasiprzyjaciele.com\\\/\"},{\"@type\":\"ListItem\",\"position\":2,\"name\":\"Sklep\"}]},{\"@type\":\"WebSite\",\"@id\":\"https:\\\/\\\/nasiprzyjaciele.com\\\/#website\",\"url\":\"https:\\\/\\\/nasiprzyjaciele.com\\\/\",\"name\":\"Nasi Przyjaciele - stacjonarny sklep zoologiczny w Tarnowie\",\"description\":\"Witaj w \u201eNasi Przyjaciele\u201d! Je\u015bli trafi\u0142e\u015b do nas, to znaczy, \u017ce kochasz zwierz\u0119ta tak samo jak my. Nasz sklep zoologiczny w Tarnowie to miejsce stworzone z pasji, do\u015bwiadczenia i mi\u0142o\u015bci do czworonog\u00f3w (i nie tylko!). Jeste\u015bmy tu po to, by zadba\u0107 o Twojego pupila \u2013 od wyboru odpowiedniej karmy, przez zdrowe przysmaki, a\u017c po przyjazn\u0105 atmosfer\u0119, kt\u00f3ra sprawi, \u017ce zakupy u nas stan\u0105 si\u0119 czyst\u0105 przyjemno\u015bci\u0105.\ud83d\udc3e\",\"publisher\":{\"@id\":\"https:\\\/\\\/nasiprzyjaciele.com\\\/#organization\"},\"potentialAction\":[{\"@type\":\"SearchAction\",\"target\":{\"@type\":\"EntryPoint\",\"urlTemplate\":\"https:\\\/\\\/nasiprzyjaciele.com\\\/?s={search_term_string}\"},\"query-input\":{\"@type\":\"PropertyValueSpecification\",\"valueRequired\":true,\"valueName\":\"search_term_string\"}}],\"inLanguage\":\"pl-PL\"},{\"@type\":\"Organization\",\"@id\":\"https:\\\/\\\/nasiprzyjaciele.com\\\/#organization\",\"name\":\"Nasi Przyjaciele - stacjonarny sklep zoologiczny w Tarnowie\",\"url\":\"https:\\\/\\\/nasiprzyjaciele.com\\\/\",\"logo\":{\"@type\":\"ImageObject\",\"inLanguage\":\"pl-PL\",\"@id\":\"https:\\\/\\\/nasiprzyjaciele.com\\\/#\\\/schema\\\/logo\\\/image\\\/\",\"url\":\"https:\\\/\\\/nasiprzyjaciele.com\\\/wp-content\\\/uploads\\\/2025\\\/01\\\/448559104_25774595288854511_5696922930148178128_n_preview_rev_1-1.png\",\"contentUrl\":\"https:\\\/\\\/nasiprzyjaciele.com\\\/wp-content\\\/uploads\\\/2025\\\/01\\\/448559104_25774595288854511_5696922930148178128_n_preview_rev_1-1.png\",\"width\":270,\"height\":246,\"caption\":\"Nasi Przyjaciele - stacjonarny sklep zoologiczny w Tarnowie\"},\"image\":{\"@id\":\"https:\\\/\\\/nasiprzyjaciele.com\\\/#\\\/schema\\\/logo\\\/image\\\/\"}}]}<\/script>\n<!-- \/ Yoast SEO plugin. -->","yoast_head_json":{"title":"Sklep zoologiczny w Tarnowie \u2013 \u201eNasi Przyjaciele\u201d","description":"Najlepszy stacjonarny sklep zoologiczny w Tarnowie! Karmy, akcesoria i przysmaki dla Twojego pupila. Zapraszamy na ul. Bernardy\u0144sk\u0105 2!","robots":{"index":"index","follow":"follow","max-snippet":"max-snippet:-1","max-image-preview":"max-image-preview:large","max-video-preview":"max-video-preview:-1"},"canonical":"https:\/\/nasiprzyjaciele.com\/index.php\/sklep-zoologiczny-w-tarnowie\/","og_locale":"pl_PL","og_type":"article","og_title":"Sklep zoologiczny w Tarnowie \u2013 \u201eNasi Przyjaciele\u201d","og_description":"Najlepszy stacjonarny sklep zoologiczny w Tarnowie! Karmy, akcesoria i przysmaki dla Twojego pupila. Zapraszamy na ul. Bernardy\u0144sk\u0105 2!","og_url":"https:\/\/nasiprzyjaciele.com\/index.php\/sklep-zoologiczny-w-tarnowie\/","og_site_name":"Oferta","article_modified_time":"2025-01-20T19:38:39+00:00","twitter_card":"summary_large_image","twitter_misc":{"Szacowany czas czytania":"5 minut"},"schema":{"@context":"https:\/\/schema.org","@graph":[{"@type":"WebPage","@id":"https:\/\/nasiprzyjaciele.com\/index.php\/sklep-zoologiczny-w-tarnowie\/","url":"https:\/\/nasiprzyjaciele.com\/index.php\/sklep-zoologiczny-w-tarnowie\/","name":"Sklep zoologiczny w Tarnowie \u2013 \u201eNasi Przyjaciele\u201d","isPartOf":{"@id":"https:\/\/nasiprzyjaciele.com\/#website"},"datePublished":"2024-12-16T08:51:35+00:00","dateModified":"2025-01-20T19:38:39+00:00","description":"Najlepszy stacjonarny sklep zoologiczny w Tarnowie! Karmy, akcesoria i przysmaki dla Twojego pupila. Zapraszamy na ul. Bernardy\u0144sk\u0105 2!","breadcrumb":{"@id":"https:\/\/nasiprzyjaciele.com\/index.php\/sklep-zoologiczny-w-tarnowie\/#breadcrumb"},"inLanguage":"pl-PL","potentialAction":[{"@type":"ReadAction","target":["https:\/\/nasiprzyjaciele.com\/index.php\/sklep-zoologiczny-w-tarnowie\/"]}]},{"@type":"BreadcrumbList","@id":"https:\/\/nasiprzyjaciele.com\/index.php\/sklep-zoologiczny-w-tarnowie\/#breadcrumb","itemListElement":[{"@type":"ListItem","position":1,"name":"Strona g\u0142\u00f3wna","item":"https:\/\/nasiprzyjaciele.com\/"},{"@type":"ListItem","position":2,"name":"Sklep"}]},{"@type":"WebSite","@id":"https:\/\/nasiprzyjaciele.com\/#website","url":"https:\/\/nasiprzyjaciele.com\/","name":"Nasi Przyjaciele - stacjonarny sklep zoologiczny w Tarnowie","description":"Witaj w \u201eNasi Przyjaciele\u201d! Je\u015bli trafi\u0142e\u015b do nas, to znaczy, \u017ce kochasz zwierz\u0119ta tak samo jak my. Nasz sklep zoologiczny w Tarnowie to miejsce stworzone z pasji, do\u015bwiadczenia i mi\u0142o\u015bci do czworonog\u00f3w (i nie tylko!). Jeste\u015bmy tu po to, by zadba\u0107 o Twojego pupila \u2013 od wyboru odpowiedniej karmy, przez zdrowe przysmaki, a\u017c po przyjazn\u0105 atmosfer\u0119, kt\u00f3ra sprawi, \u017ce zakupy u nas stan\u0105 si\u0119 czyst\u0105 przyjemno\u015bci\u0105.\ud83d\udc3e","publisher":{"@id":"https:\/\/nasiprzyjaciele.com\/#organization"},"potentialAction":[{"@type":"SearchAction","target":{"@type":"EntryPoint","urlTemplate":"https:\/\/nasiprzyjaciele.com\/?s={search_term_string}"},"query-input":{"@type":"PropertyValueSpecification","valueRequired":true,"valueName":"search_term_string"}}],"inLanguage":"pl-PL"},{"@type":"Organization","@id":"https:\/\/nasiprzyjaciele.com\/#organization","name":"Nasi Przyjaciele - stacjonarny sklep zoologiczny w Tarnowie","url":"https:\/\/nasiprzyjaciele.com\/","logo":{"@type":"ImageObject","inLanguage":"pl-PL","@id":"https:\/\/nasiprzyjaciele.com\/#\/schema\/logo\/image\/","url":"https:\/\/nasiprzyjaciele.com\/wp-content\/uploads\/2025\/01\/448559104_25774595288854511_5696922930148178128_n_preview_rev_1-1.png","contentUrl":"https:\/\/nasiprzyjaciele.com\/wp-content\/uploads\/2025\/01\/448559104_25774595288854511_5696922930148178128_n_preview_rev_1-1.png","width":270,"height":246,"caption":"Nasi Przyjaciele - stacjonarny sklep zoologiczny w Tarnowie"},"image":{"@id":"https:\/\/nasiprzyjaciele.com\/#\/schema\/logo\/image\/"}}]}},"_links":{"self":[{"href":"https:\/\/nasiprzyjaciele.com\/index.php\/wp-json\/wp\/v2\/pages\/265","targetHints":{"allow":["GET"]}}],"collection":[{"href":"https:\/\/nasiprzyjaciele.com\/index.php\/wp-json\/wp\/v2\/pages"}],"about":[{"href":"https:\/\/nasiprzyjaciele.com\/index.php\/wp-json\/wp\/v2\/types\/page"}],"author":[{"embeddable":true,"href":"https:\/\/nasiprzyjaciele.com\/index.php\/wp-json\/wp\/v2\/users\/3"}],"replies":[{"embeddable":true,"href":"https:\/\/nasiprzyjaciele.com\/index.php\/wp-json\/wp\/v2\/comments?post=265"}],"version-history":[{"count":10,"href":"https:\/\/nasiprzyjaciele.com\/index.php\/wp-json\/wp\/v2\/pages\/265\/revisions"}],"predecessor-version":[{"id":505,"href":"https:\/\/nasiprzyjaciele.com\/index.php\/wp-json\/wp\/v2\/pages\/265\/revisions\/505"}],"wp:attachment":[{"href":"https:\/\/nasiprzyjaciele.com\/index.php\/wp-json\/wp\/v2\/media?parent=265"}],"curies":[{"name":"wp","href":"https:\/\/api.w.org\/{rel}","templated":true}]}}